{"id":2003,"date":"2019-02-06T19:25:13","date_gmt":"2019-02-06T19:25:13","guid":{"rendered":"http:\/\/liceaga.facmed.unam.mx\/deptos\/fisiologia\/?page_id=2003"},"modified":"2026-04-14T17:38:12","modified_gmt":"2026-04-14T17:38:12","slug":"administracion","status":"publish","type":"page","link":"https:\/\/fisiologia.facmed.unam.mx\/index.php\/administracion\/","title":{"rendered":"ADMINISTRACION"},"content":{"rendered":"<p>[et_pb_section fb_built=\u00bb1&#8243; fullwidth=\u00bbon\u00bb module_id=\u00bbADMINISTRACION\u00bb module_class=\u00bbADMINISTRACION\u00bb _builder_version=\u00bb4.16&#8243; background_image=\u00bbhttps:\/\/fisiologia.facmed.unam.mx\/wp-content\/uploads\/2019\/03\/Portada-2.png\u00bb global_colors_info=\u00bb{}\u00bb][et_pb_fullwidth_slider _builder_version=\u00bb4.25.0&#8243; header_font=\u00bb||||||||\u00bb body_font=\u00bb||||||||\u00bb min_height=\u00bb660.4px\u00bb hover_enabled=\u00bb0&#8243; global_colors_info=\u00bb{}\u00bb button_text_size__hover_enabled=\u00bboff\u00bb button_one_text_size__hover_enabled=\u00bboff\u00bb button_two_text_size__hover_enabled=\u00bboff\u00bb button_text_color__hover_enabled=\u00bboff\u00bb button_one_text_color__hover_enabled=\u00bboff\u00bb button_two_text_color__hover_enabled=\u00bboff\u00bb button_border_width__hover_enabled=\u00bboff\u00bb button_one_border_width__hover_enabled=\u00bboff\u00bb button_two_border_width__hover_enabled=\u00bboff\u00bb button_border_color__hover_enabled=\u00bboff\u00bb button_one_border_color__hover_enabled=\u00bboff\u00bb button_two_border_color__hover_enabled=\u00bboff\u00bb button_border_radius__hover_enabled=\u00bboff\u00bb button_one_border_radius__hover_enabled=\u00bboff\u00bb button_two_border_radius__hover_enabled=\u00bboff\u00bb button_letter_spacing__hover_enabled=\u00bboff\u00bb button_one_letter_spacing__hover_enabled=\u00bboff\u00bb button_two_letter_spacing__hover_enabled=\u00bboff\u00bb button_bg_color__hover_enabled=\u00bboff\u00bb button_one_bg_color__hover_enabled=\u00bboff\u00bb button_two_bg_color__hover_enabled=\u00bboff\u00bb sticky_enabled=\u00bb0&#8243;][et_pb_slide heading=\u00bbADMINISTRACI\u00d3N\u00bb _builder_version=\u00bb4.25.0&#8243; header_font=\u00bb||||||||\u00bb header_text_align=\u00bbright\u00bb body_font=\u00bb||||||||\u00bb body_text_color=\u00bb#ffffff\u00bb use_background_color_gradient=\u00bbon\u00bb background_color_gradient_type=\u00bbcircular\u00bb background_color_gradient_direction_radial=\u00bbbottom left\u00bb background_color_gradient_stops=\u00bb#ffffff 24%|#ffffff 24%\u00bb background_color_gradient_start=\u00bb#ffffff\u00bb background_color_gradient_start_position=\u00bb24%\u00bb background_color_gradient_end=\u00bb#ffffff\u00bb background_color_gradient_end_position=\u00bb0%\u00bb background_image=\u00bbhttps:\/\/fisiologia.facmed.unam.mx\/wp-content\/uploads\/2021\/02\/tablero-administracion.jpeg\u00bb background_enable_image=\u00bbon\u00bb background_size=\u00bbcontain\u00bb background_position=\u00bbcenter_left\u00bb hover_enabled=\u00bb0&#8243; text_shadow_style=\u00bbpreset2&#8243; text_shadow_color=\u00bb#5f1c8a\u00bb global_colors_info=\u00bb{}\u00bb button_text_size__hover_enabled=\u00bboff\u00bb button_one_text_size__hover_enabled=\u00bboff\u00bb button_two_text_size__hover_enabled=\u00bboff\u00bb button_text_color__hover_enabled=\u00bboff\u00bb button_one_text_color__hover_enabled=\u00bboff\u00bb button_two_text_color__hover_enabled=\u00bboff\u00bb button_border_width__hover_enabled=\u00bboff\u00bb button_one_border_width__hover_enabled=\u00bboff\u00bb button_two_border_width__hover_enabled=\u00bboff\u00bb button_border_color__hover_enabled=\u00bboff\u00bb button_one_border_color__hover_enabled=\u00bboff\u00bb button_two_border_color__hover_enabled=\u00bboff\u00bb button_border_radius__hover_enabled=\u00bboff\u00bb button_one_border_radius__hover_enabled=\u00bboff\u00bb button_two_border_radius__hover_enabled=\u00bboff\u00bb button_letter_spacing__hover_enabled=\u00bboff\u00bb button_one_letter_spacing__hover_enabled=\u00bboff\u00bb button_two_letter_spacing__hover_enabled=\u00bboff\u00bb button_bg_color__hover_enabled=\u00bboff\u00bb button_one_bg_color__hover_enabled=\u00bboff\u00bb button_two_bg_color__hover_enabled=\u00bboff\u00bb sticky_transition=\u00bbon\u00bb background_color=\u00bb#053967&#8243; background_enable_color=\u00bbon\u00bb sticky_enabled=\u00bb0&#8243;]<\/p>\n<h2 style=\"text-align: center;\"><span style=\"color: #ffffff;\">La Unidad Administrativa del Departamento de Fisiolog\u00eda, proporciona a las \u00e1reas que integran el Departamento, los recursos\u00a0humanos, financieros y materiales, as\u00ed como los apoyos necesarios a esta unidad acad\u00e9mica, de conformidad con las pol\u00edticas establecidas por la Secretar\u00eda Administrativa.<\/span><\/h2>\n<p>[\/et_pb_slide][\/et_pb_fullwidth_slider][\/et_pb_section][et_pb_section fb_built=\u00bb1&#8243; _builder_version=\u00bb4.25.0&#8243; custom_padding=\u00bb54px|0px|24px|0px|false|false\u00bb global_colors_info=\u00bb{}\u00bb][et_pb_row _builder_version=\u00bb4.25.0&#8243; max_width=\u00bb1815px\u00bb module_alignment=\u00bbcenter\u00bb global_colors_info=\u00bb{}\u00bb][et_pb_column type=\u00bb4_4&#8243; _builder_version=\u00bb4.16&#8243; custom_padding=\u00bb|||\u00bb global_colors_info=\u00bb{}\u00bb custom_padding__hover=\u00bb|||\u00bb][et_pb_text _builder_version=\u00bb4.25.0&#8243; background_color=\u00bb#053967&#8243; global_colors_info=\u00bb{}\u00bb]<\/p>\n<h2 style=\"text-align: center;\"><span style=\"color: #ffffff;\"><strong><span style=\"color: #ffffff;\">FORMATOS PARA TR\u00c1MITES.\u00a0<\/span><br \/><\/strong><\/span><\/h2>\n<p>[\/et_pb_text][\/et_pb_column][\/et_pb_row][et_pb_row column_structure=\u00bb1_5,3_5,1_5&#8243; _builder_version=\u00bb4.25.0&#8243; max_width=\u00bb1710px\u00bb global_colors_info=\u00bb{}\u00bb][et_pb_column type=\u00bb1_5&#8243; _builder_version=\u00bb4.16&#8243; global_colors_info=\u00bb{}\u00bb][\/et_pb_column][et_pb_column type=\u00bb3_5&#8243; _builder_version=\u00bb4.16&#8243; global_colors_info=\u00bb{}\u00bb][et_pb_text _builder_version=\u00bb4.25.0&#8243; custom_padding=\u00bb||2px|||\u00bb global_colors_info=\u00bb{}\u00bb]<\/p>\n<blockquote>\n<h1><span style=\"text-decoration: underline;\"><a href=\"http:\/\/liceaga.facmed.unam.mx\/deptos\/fisiologia\/wp-content\/uploads\/2019\/04\/Solicitud-\u00fanica-de-servicios.xls\">Solicitud \u00danica de Servicios.<\/a><\/span><\/h1>\n<h1><span style=\"text-decoration: underline;\"><a href=\"http:\/\/liceaga.facmed.unam.mx\/deptos\/fisiologia\/wp-content\/uploads\/2019\/04\/Solicitud-interna-de-compra.xls\">Solicitud Interna de Compra.<\/a><\/span><\/h1>\n<h1><span style=\"text-decoration: underline;\"><a href=\"http:\/\/liceaga.facmed.unam.mx\/deptos\/fisiologia\/wp-content\/uploads\/2019\/04\/Solicitud-de-servicio-a-equipo-y-parque-vehicular.xls\">Solicitud de Servicio a Equipo y Parque Vehicular.<\/a><\/span><\/h1>\n<h1><span style=\"text-decoration: underline;\"><a href=\"http:\/\/liceaga.facmed.unam.mx\/deptos\/fisiologia\/wp-content\/uploads\/2019\/04\/Solicitud-de-servicio-a-infraestructura.xls\">Solicitud de Servicio a Infraestructura.<\/a><\/span><\/h1>\n<h1><span style=\"text-decoration: underline;\"><a href=\"http:\/\/liceaga.facmed.unam.mx\/deptos\/fisiologia\/wp-content\/uploads\/2019\/04\/Formato-de-seguro-de-practicas-de-campo-alumnos.xlsx\">Formato de Seguro de Pr\u00e1cticas de Campo (Alumnos).<\/a><\/span><\/h1>\n<h1><span style=\"text-decoration: underline;\"><a href=\"http:\/\/liceaga.facmed.unam.mx\/deptos\/fisiologia\/wp-content\/uploads\/2019\/04\/Seguro-1.pdf\">Formato del Seguro Metlife.<\/a><\/span><\/h1>\n<h1><span style=\"text-decoration: underline;\"><a href=\"http:\/\/liceaga.facmed.unam.mx\/deptos\/fisiologia\/wp-content\/uploads\/2020\/01\/Formato-para-solicitud-de-espacios-acad\u00e9micos.docx\">Formato para la solicitud de espacios<\/a><\/span><\/h1>\n<h1><span style=\"text-decoration: underline;\"><a href=\"http:\/\/liceaga.facmed.unam.mx\/deptos\/fisiologia\/wp-content\/uploads\/2019\/04\/Vale-de-entrada-y-salida-de-equipo-y-mobiliario.xls\">Vale de Entrada y Salida de Equipo y Mobiliario.<\/a><\/span><\/h1>\n<h1><span style=\"text-decoration: underline;\"><a href=\"https:\/\/fisiologia.facmed.unam.mx\/wp-content\/uploads\/2025\/05\/vale-de-salida-almacen.xlsx\">Vale de almac\u00e9n.\u00a0<\/a><\/span><\/h1>\n<\/blockquote>\n<p>[\/et_pb_text][\/et_pb_column][et_pb_column type=\u00bb1_5&#8243; _builder_version=\u00bb4.16&#8243; global_colors_info=\u00bb{}\u00bb][et_pb_image src=\u00bbhttps:\/\/fisiologia.facmed.unam.mx\/wp-content\/uploads\/2026\/04\/Cover-3-.webp\u00bb title_text=\u00bbCover&#8211;3-\u00bb _builder_version=\u00bb4.25.0&#8243; _module_preset=\u00bbdefault\u00bb background_image=\u00bbhttps:\/\/fisiologia.facmed.unam.mx\/wp-content\/uploads\/2026\/04\/Cover-3-.webp\u00bb parallax=\u00bbon\u00bb global_colors_info=\u00bb{}\u00bb][\/et_pb_image][\/et_pb_column][\/et_pb_row][\/et_pb_section][et_pb_section fb_built=\u00bb1&#8243; _builder_version=\u00bb4.16&#8243; custom_padding=\u00bb54px|0px|24px|0px|false|false\u00bb global_colors_info=\u00bb{}\u00bb][et_pb_row _builder_version=\u00bb4.25.0&#8243; max_width=\u00bb1831px\u00bb global_colors_info=\u00bb{}\u00bb][et_pb_column type=\u00bb4_4&#8243; _builder_version=\u00bb4.16&#8243; custom_padding=\u00bb|||\u00bb global_colors_info=\u00bb{}\u00bb custom_padding__hover=\u00bb|||\u00bb][et_pb_text _builder_version=\u00bb4.25.0&#8243; background_color=\u00bb#053967&#8243; module_alignment=\u00bbcenter\u00bb global_colors_info=\u00bb{}\u00bb]<\/p>\n<h2 style=\"text-align: center;\"><span style=\"color: #ffffff;\"><strong><span style=\"color: #ffffff;\">LOGOTIPO DEL DEPARTAMENTO DE FISIOLOG\u00cdA.\u00a0<\/span><br \/><\/strong><\/span><\/h2>\n<p>[\/et_pb_text][\/et_pb_column][\/et_pb_row][et_pb_row column_structure=\u00bb1_5,3_5,1_5&#8243; _builder_version=\u00bb4.25.0&#8243; max_width=\u00bb1696px\u00bb global_colors_info=\u00bb{}\u00bb][et_pb_column type=\u00bb1_5&#8243; _builder_version=\u00bb4.16&#8243; global_colors_info=\u00bb{}\u00bb][\/et_pb_column][et_pb_column type=\u00bb3_5&#8243; _builder_version=\u00bb4.16&#8243; global_colors_info=\u00bb{}\u00bb][et_pb_text _builder_version=\u00bb4.16&#8243; global_colors_info=\u00bb{}\u00bb]<\/p>\n<p style=\"text-align: center;\"><a href=\"https:\/\/fisiologia.facmed.unam.mx\/wp-content\/uploads\/2022\/07\/LOGO-FISIOLOGIA-COLORES-CMYK.png\">Logo a Color.<\/a><\/p>\n<p style=\"text-align: center;\"><a href=\"https:\/\/fisiologia.facmed.unam.mx\/wp-content\/uploads\/2022\/07\/LOGO-FISIOLOGIA-NEGRO-CMYK.png\">Logo en Negro.<\/a><\/p>\n<p style=\"text-align: center;\"><a href=\"https:\/\/fisiologia.facmed.unam.mx\/wp-content\/uploads\/2022\/07\/LOGO-FISIOLOGIA-BLANCO-CMYK.png\">Logo en Blanco.<\/a><\/p>\n<p style=\"text-align: center;\"><a href=\"https:\/\/fisiologia.facmed.unam.mx\/wp-content\/uploads\/2022\/07\/LOGO-FISIOLOGIA-ESCALA-DE-GRISES-CMYK.png\">Logo en Escala de Grises.<\/a><\/p>\n<p style=\"text-align: center;\">[\/et_pb_text][\/et_pb_column][et_pb_column type=\u00bb1_5&#8243; _builder_version=\u00bb4.16&#8243; global_colors_info=\u00bb{}\u00bb][\/et_pb_column][\/et_pb_row][et_pb_row _builder_version=\u00bb4.25.0&#8243; max_width=\u00bb1696px\u00bb global_colors_info=\u00bb{}\u00bb][et_pb_column type=\u00bb4_4&#8243; _builder_version=\u00bb4.16&#8243; global_colors_info=\u00bb{}\u00bb][et_pb_gallery gallery_ids=\u00bb9304,9302,9301&#8243; posts_number=\u00bb3&#8243; _builder_version=\u00bb4.25.0&#8243; _module_preset=\u00bbdefault\u00bb custom_margin=\u00bb|-323px||||\u00bb global_colors_info=\u00bb{}\u00bb][\/et_pb_gallery][\/et_pb_column][\/et_pb_row][et_pb_row _builder_version=\u00bb4.25.0&#8243; max_width=\u00bb1696px\u00bb global_colors_info=\u00bb{}\u00bb][et_pb_column type=\u00bb4_4&#8243; _builder_version=\u00bb4.16&#8243; global_colors_info=\u00bb{}\u00bb][et_pb_gallery gallery_ids=\u00bb10132,10133&#8243; posts_number=\u00bb2&#8243; _builder_version=\u00bb4.25.0&#8243; _module_preset=\u00bbdefault\u00bb custom_margin=\u00bb|-323px||||\u00bb global_colors_info=\u00bb{}\u00bb][\/et_pb_gallery][\/et_pb_column][\/et_pb_row][\/et_pb_section][et_pb_section fb_built=\u00bb1&#8243; _builder_version=\u00bb4.16&#8243; custom_padding=\u00bb22px|0|54px|0px|false|false\u00bb global_colors_info=\u00bb{}\u00bb][et_pb_row _builder_version=\u00bb4.25.0&#8243; max_width=\u00bb1831px\u00bb global_colors_info=\u00bb{}\u00bb][et_pb_column type=\u00bb4_4&#8243; _builder_version=\u00bb4.16&#8243; custom_padding=\u00bb|||\u00bb global_colors_info=\u00bb{}\u00bb custom_padding__hover=\u00bb|||\u00bb][et_pb_text _builder_version=\u00bb4.25.0&#8243; background_color=\u00bb#053967&#8243; global_colors_info=\u00bb{}\u00bb]<\/p>\n<h2 style=\"text-align: center;\"><span style=\"color: #ffffff;\"><strong><span style=\"color: #339966;\"><span style=\"color: #ffffff;\">EQUIPO COLABORADOR DEL \u00c1REA ADMINISTRATIVA.<\/span>\u00a0<\/span><br \/><\/strong><\/span><\/h2>\n<p>[\/et_pb_text][\/et_pb_column][\/et_pb_row][et_pb_row _builder_version=\u00bb4.25.0&#8243; background_image=\u00bbhttp:\/\/liceaga.facmed.unam.mx\/deptos\/fisiologia\/wp-content\/uploads\/2018\/11\/Cuadrito-2000-500-px-1.png\u00bb background_size=\u00bbcontain\u00bb background_blend=\u00bboverlay\u00bb max_width=\u00bb1666px\u00bb custom_padding=\u00bb27px|0px|24px|0px|false|false\u00bb global_colors_info=\u00bb{}\u00bb][et_pb_column type=\u00bb4_4&#8243; _builder_version=\u00bb4.16&#8243; custom_padding=\u00bb|||\u00bb global_colors_info=\u00bb{}\u00bb custom_padding__hover=\u00bb|||\u00bb][et_pb_button button_url=\u00bbhttps:\/\/fisiologia.facmed.unam.mx\/index.php\/admistracion-personal\/\u00bb url_new_window=\u00bbon\u00bb button_text=\u00bb\u00a1Da click aqu\u00ed para conocerlos!\u00bb button_alignment=\u00bbcenter\u00bb _builder_version=\u00bb4.25.0&#8243; custom_button=\u00bbon\u00bb button_text_size=\u00bb18px\u00bb button_text_color=\u00bb#0d7d3f\u00bb button_bg_color_gradient_stops=\u00bb#ffffff 0%|#ffffff 100%\u00bb button_bg_color_gradient_start=\u00bb#ffffff\u00bb button_bg_color_gradient_end=\u00bb#ffffff\u00bb button_border_color=\u00bb#0d7d3f\u00bb button_font=\u00bb||||||||\u00bb button_icon_color=\u00bb#0d7d3f\u00bb animation_style=\u00bbslide\u00bb global_colors_info=\u00bb{}\u00bb button_text_size__hover_enabled=\u00bboff\u00bb button_one_text_size__hover_enabled=\u00bboff\u00bb button_two_text_size__hover_enabled=\u00bboff\u00bb button_text_color__hover_enabled=\u00bboff\u00bb button_one_text_color__hover_enabled=\u00bboff\u00bb button_two_text_color__hover_enabled=\u00bboff\u00bb button_border_width__hover_enabled=\u00bboff\u00bb button_one_border_width__hover_enabled=\u00bboff\u00bb button_two_border_width__hover_enabled=\u00bboff\u00bb button_border_color__hover_enabled=\u00bboff\u00bb button_one_border_color__hover_enabled=\u00bboff\u00bb button_two_border_color__hover_enabled=\u00bboff\u00bb button_border_radius__hover_enabled=\u00bboff\u00bb button_one_border_radius__hover_enabled=\u00bboff\u00bb button_two_border_radius__hover_enabled=\u00bboff\u00bb button_letter_spacing__hover_enabled=\u00bboff\u00bb button_one_letter_spacing__hover_enabled=\u00bboff\u00bb button_two_letter_spacing__hover_enabled=\u00bboff\u00bb button_bg_color__hover_enabled=\u00bboff\u00bb button_one_bg_color__hover_enabled=\u00bboff\u00bb button_two_bg_color__hover_enabled=\u00bboff\u00bb][\/et_pb_button][\/et_pb_column][\/et_pb_row][et_pb_row _builder_version=\u00bb4.25.0&#8243; max_width=\u00bb1839px\u00bb custom_padding=\u00bb72px|0px|23px|0px|false|false\u00bb global_colors_info=\u00bb{}\u00bb][et_pb_column type=\u00bb4_4&#8243; _builder_version=\u00bb4.16&#8243; custom_padding=\u00bb|||\u00bb global_colors_info=\u00bb{}\u00bb custom_padding__hover=\u00bb|||\u00bb][et_pb_text _builder_version=\u00bb4.25.0&#8243; background_color=\u00bb#053967&#8243; global_colors_info=\u00bb{}\u00bb]<\/p>\n<h2 style=\"text-align: center;\"><span style=\"color: #ffffff;\"><strong>UBICACI\u00d3N\u00a0<\/strong><strong><br \/><\/strong><\/span><\/h2>\n<p>[\/et_pb_text][\/et_pb_column][\/et_pb_row][et_pb_row _builder_version=\u00bb4.25.0&#8243; custom_padding=\u00bb0|0px|27px|0px|false|false\u00bb global_colors_info=\u00bb{}\u00bb][et_pb_column type=\u00bb4_4&#8243; _builder_version=\u00bb4.16&#8243; custom_padding=\u00bb|||\u00bb global_colors_info=\u00bb{}\u00bb custom_padding__hover=\u00bb|||\u00bb][et_pb_text _builder_version=\u00bb4.16&#8243; global_colors_info=\u00bb{}\u00bb]<\/p>\n<p style=\"text-align: center;\">Unidad Administrativa de Fisiolog\u00eda.<\/p>\n<p style=\"text-align: center;\">Ubicada en el 4o Piso del Edificio A. Facultad de Medicina, Ciudad Universitaria.<\/p>\n<p>[\/et_pb_text][\/et_pb_column][\/et_pb_row][\/et_pb_section]<\/p>\n","protected":false},"excerpt":{"rendered":"<p>La Unidad Administrativa del Departamento de Fisiolog\u00eda, proporciona a las \u00e1reas que integran el Departamento, los recursos\u00a0humanos, financieros y materiales, as\u00ed como los apoyos necesarios a esta unidad acad\u00e9mica, de conformidad con las pol\u00edticas establecidas por la Secretar\u00eda Administrativa.FORMATOS PARA TR\u00c1MITES.\u00a0 Solicitud \u00danica de Servicios. Solicitud Interna de Compra. Solicitud de Servicio a Equipo y [&hellip;]<\/p>\n","protected":false},"author":1,"featured_media":0,"parent":0,"menu_order":0,"comment_status":"closed","ping_status":"closed","template":"","meta":{"_et_pb_use_builder":"on","_et_pb_old_content":"","_et_gb_content_width":"","footnotes":""},"jetpack_sharing_enabled":true,"_links":{"self":[{"href":"https:\/\/fisiologia.facmed.unam.mx\/index.php\/wp-json\/wp\/v2\/pages\/2003"}],"collection":[{"href":"https:\/\/fisiologia.facmed.unam.mx\/index.php\/wp-json\/wp\/v2\/pages"}],"about":[{"href":"https:\/\/fisiologia.facmed.unam.mx\/index.php\/wp-json\/wp\/v2\/types\/page"}],"author":[{"embeddable":true,"href":"https:\/\/fisiologia.facmed.unam.mx\/index.php\/wp-json\/wp\/v2\/users\/1"}],"replies":[{"embeddable":true,"href":"https:\/\/fisiologia.facmed.unam.mx\/index.php\/wp-json\/wp\/v2\/comments?post=2003"}],"version-history":[{"count":55,"href":"https:\/\/fisiologia.facmed.unam.mx\/index.php\/wp-json\/wp\/v2\/pages\/2003\/revisions"}],"predecessor-version":[{"id":10137,"href":"https:\/\/fisiologia.facmed.unam.mx\/index.php\/wp-json\/wp\/v2\/pages\/2003\/revisions\/10137"}],"wp:attachment":[{"href":"https:\/\/fisiologia.facmed.unam.mx\/index.php\/wp-json\/wp\/v2\/media?parent=2003"}],"curies":[{"name":"wp","href":"https:\/\/api.w.org\/{rel}","templated":true}]}}