{"id":5624,"date":"2021-08-31T20:02:44","date_gmt":"2021-08-31T20:02:44","guid":{"rendered":"http:\/\/liceaga.facmed.unam.mx\/deptos\/fisiologia\/?page_id=5624"},"modified":"2026-04-08T17:35:43","modified_gmt":"2026-04-08T17:35:43","slug":"ensenanza-prueba","status":"publish","type":"page","link":"https:\/\/fisiologia.facmed.unam.mx\/index.php\/ensenanza-prueba\/","title":{"rendered":"Ense\u00f1anza"},"content":{"rendered":"<p>[et_pb_section fb_built=\u00bb1&#8243; next_background_color=\u00bb#ffffff\u00bb _builder_version=\u00bb4.16&#8243; _module_preset=\u00bbdefault\u00bb background_image=\u00bbhttps:\/\/fisiologia.facmed.unam.mx\/wp-content\/uploads\/2021\/09\/fondo1213.png\u00bb parallax=\u00bbon\u00bb custom_margin=\u00bb0px||0px||false|false\u00bb custom_padding=\u00bb0px||0px||false|false\u00bb bottom_divider_style=\u00bbramp\u00bb bottom_divider_flip=\u00bbvertical\u00bb global_colors_info=\u00bb{}\u00bb][et_pb_row column_structure=\u00bb1_2,1_2&#8243; _builder_version=\u00bb4.25.0&#8243; _module_preset=\u00bbdefault\u00bb background_color_gradient_direction=\u00bb222deg\u00bb background_enable_image=\u00bboff\u00bb width=\u00bb100%\u00bb max_width=\u00bb2360px\u00bb custom_margin=\u00bb0px|auto|-5px|auto|false|false\u00bb custom_padding=\u00bb2.5%|10%|3%|10%|false|false\u00bb hover_enabled=\u00bb0&#8243; global_colors_info=\u00bb{}\u00bb sticky_enabled=\u00bb0&#8243;][et_pb_column type=\u00bb1_2&#8243; _builder_version=\u00bb4.16&#8243; _module_preset=\u00bbdefault\u00bb global_colors_info=\u00bb{}\u00bb][et_pb_image src=\u00bbhttps:\/\/fisiologia.facmed.unam.mx\/wp-content\/uploads\/2021\/09\/ENSEN\u0303ANZA.png\u00bb title_text=\u00bbENSEN\u0303ANZA\u00bb _builder_version=\u00bb4.16&#8243; _module_preset=\u00bbdefault\u00bb global_colors_info=\u00bb{}\u00bb][\/et_pb_image][\/et_pb_column][et_pb_column type=\u00bb1_2&#8243; _builder_version=\u00bb4.16&#8243; _module_preset=\u00bbdefault\u00bb global_colors_info=\u00bb{}\u00bb][et_pb_text _builder_version=\u00bb4.25.0&#8243; _module_preset=\u00bbdefault\u00bb text_font=\u00bb|600|||||||\u00bb text_text_color=\u00bb#FFFFFF\u00bb header_font=\u00bb|700||on|||||\u00bb header_text_color=\u00bb#0D7D3F\u00bb header_font_size=\u00bb35px\u00bb background_color=\u00bb#053967&#8243; width=\u00bb80%\u00bb module_alignment=\u00bbcenter\u00bb min_height=\u00bb128px\u00bb custom_margin=\u00bb17.8%||0px||false|false\u00bb custom_padding=\u00bb40px|20px|40px|20px|false|false\u00bb hover_enabled=\u00bb0&#8243; border_radii=\u00bbon|20px|20px|20px|20px\u00bb global_colors_info=\u00bb{}\u00bb sticky_enabled=\u00bb0&#8243;]<\/p>\n<p>Dirige las actividades de ense\u00f1anza-aprendizaje con maestros y alumnos, a fin de asegurar que el trayecto formativo y los criterios de desempe\u00f1o se lleven a cabo conforme a lo establecido en el programa de Fisiolog\u00eda.<\/p>\n<p>[\/et_pb_text][et_pb_button button_url=\u00bb#laboratorio\u00bb button_text=\u00bbPr\u00e1cticas de Laboratorio\u00bb button_alignment=\u00bbcenter\u00bb _builder_version=\u00bb4.25.0&#8243; _module_preset=\u00bbdefault\u00bb custom_button=\u00bbon\u00bb button_text_color=\u00bb#FFFFFF\u00bb button_bg_color=\u00bb#053967&#8243; custom_margin=\u00bb30px||||false|false\u00bb hover_enabled=\u00bb0&#8243; global_colors_info=\u00bb{}\u00bb sticky_enabled=\u00bb0&#8243; button_bg_enable_color=\u00bbon\u00bb][\/et_pb_button][\/et_pb_column][\/et_pb_row][\/et_pb_section][et_pb_section fb_built=\u00bb1&#8243; module_id=\u00bbprograma\u00bb _builder_version=\u00bb4.16&#8243; _module_preset=\u00bbdefault\u00bb custom_padding=\u00bb20px||12px|||\u00bb global_colors_info=\u00bb{}\u00bb][et_pb_row column_structure=\u00bb1_2,1_2&#8243; _builder_version=\u00bb4.16&#8243; _module_preset=\u00bbdefault\u00bb global_colors_info=\u00bb{}\u00bb][et_pb_column type=\u00bb1_2&#8243; _builder_version=\u00bb4.16&#8243; _module_preset=\u00bbdefault\u00bb global_colors_info=\u00bb{}\u00bb][et_pb_text _builder_version=\u00bb4.25.0&#8243; _module_preset=\u00bbdefault\u00bb text_font=\u00bb|700|||||||\u00bb text_text_color=\u00bb#FFFFFF\u00bb text_font_size=\u00bb18px\u00bb header_text_color=\u00bb#FFFFFF\u00bb header_font_size=\u00bb48px\u00bb background_image=\u00bbhttps:\/\/fisiologia.facmed.unam.mx\/wp-content\/uploads\/2022\/03\/VERDE3.png\u00bb background_size=\u00bbcontain\u00bb text_orientation=\u00bbcenter\u00bb custom_padding=\u00bb80px|15%|80px|15%|false|false\u00bb link_option_url=\u00bbhttps:\/\/fisiologia.facmed.unam.mx\/wp-content\/uploads\/2025\/09\/Programa_Academico_Fisio_agosto2025-0_ciclo2026-0_rev-ARC-1.pdf\u00bb link_option_url_new_window=\u00bbon\u00bb hover_enabled=\u00bb0&#8243; global_colors_info=\u00bb{}\u00bb background__hover_enabled=\u00bbon|hover\u00bb background_image__hover=\u00bbhttps:\/\/fisiologia.facmed.unam.mx\/wp-content\/uploads\/2022\/03\/VERDE2.png\u00bb background_enable_image__hover=\u00bbon\u00bb sticky_enabled=\u00bb0&#8243;]<\/p>\n<p>Programa<\/p>\n<p>Acad\u00e9mico<\/p>\n<p>[\/et_pb_text][\/et_pb_column][et_pb_column type=\u00bb1_2&#8243; _builder_version=\u00bb4.16&#8243; _module_preset=\u00bbdefault\u00bb global_colors_info=\u00bb{}\u00bb][et_pb_text _builder_version=\u00bb4.25.0&#8243; _module_preset=\u00bbdefault\u00bb text_font=\u00bb|700|||||||\u00bb text_text_color=\u00bb#FFFFFF\u00bb text_font_size=\u00bb18px\u00bb header_text_color=\u00bb#FFFFFF\u00bb header_font_size=\u00bb48px\u00bb background_image=\u00bbhttps:\/\/fisiologia.facmed.unam.mx\/wp-content\/uploads\/2022\/03\/VERDE2.png\u00bb background_size=\u00bbcontain\u00bb text_orientation=\u00bbcenter\u00bb custom_padding=\u00bb80px|15%|80px|15%|false|false\u00bb link_option_url=\u00bbhttps:\/\/escolares.facmed.unam.mx\/calendarios\/mc\/20252026\/calendario_segundo_20260.pdf?a=202601051817&#8243; link_option_url_new_window=\u00bbon\u00bb global_colors_info=\u00bb{}\u00bb background__hover_enabled=\u00bbon|desktop\u00bb background_image__hover=\u00bbhttps:\/\/fisiologia.facmed.unam.mx\/wp-content\/uploads\/2022\/03\/VERDE3.png\u00bb background_enable_image__hover=\u00bbon\u00bb]<\/p>\n<p>Calendario Escolar<\/p>\n<p>y de Ex\u00e1menes<\/p>\n<p>[\/et_pb_text][\/et_pb_column][\/et_pb_row][\/et_pb_section][et_pb_section fb_built=\u00bb1&#8243; _builder_version=\u00bb4.25.0&#8243; _module_preset=\u00bbdefault\u00bb background_color=\u00bb#c4c4c4&#8243; hover_enabled=\u00bb0&#8243; global_colors_info=\u00bb{}\u00bb sticky_enabled=\u00bb0&#8243; custom_padding=\u00bb19px||19px|||\u00bb][et_pb_row column_structure=\u00bb2_5,3_5&#8243; _builder_version=\u00bb4.16&#8243; _module_preset=\u00bbdefault\u00bb min_height=\u00bb384.8px\u00bb global_colors_info=\u00bb{}\u00bb custom_padding=\u00bb9px|||||\u00bb][et_pb_column type=\u00bb2_5&#8243; _builder_version=\u00bb4.16&#8243; _module_preset=\u00bbdefault\u00bb global_colors_info=\u00bb{}\u00bb][et_pb_image src=\u00bbhttps:\/\/fisiologia.facmed.unam.mx\/wp-content\/uploads\/2021\/09\/DOS.png\u00bb title_text=\u00bbDOS\u00bb _builder_version=\u00bb4.16&#8243; _module_preset=\u00bbdefault\u00bb custom_padding=\u00bb62px|||||\u00bb global_colors_info=\u00bb{}\u00bb][\/et_pb_image][\/et_pb_column][et_pb_column type=\u00bb3_5&#8243; _builder_version=\u00bb4.16&#8243; _module_preset=\u00bbdefault\u00bb global_colors_info=\u00bb{}\u00bb][et_pb_button button_url=\u00bbhttps:\/\/fisiologia.facmed.unam.mx\/wp-content\/uploads\/2026\/01\/cronograma-teoria-2026-0-v2-PARO-1.pdf\u00bb url_new_window=\u00bbon\u00bb button_text=\u00bbCronograma de actividades te\u00f3ricas 2026-0&#8243; _builder_version=\u00bb4.25.0&#8243; _module_preset=\u00bbdefault\u00bb custom_button=\u00bbon\u00bb button_text_color=\u00bb#ffffff\u00bb button_bg_color=\u00bb#053967&#8243; custom_margin=\u00bb5%||||false|false\u00bb hover_enabled=\u00bb0&#8243; global_colors_info=\u00bb{}\u00bb sticky_enabled=\u00bb0&#8243; button_bg_enable_color=\u00bbon\u00bb][\/et_pb_button][et_pb_button button_url=\u00bbhttps:\/\/fisiologia.facmed.unam.mx\/wp-content\/uploads\/2026\/01\/cronograma-lab-2026-0-v2-PARO1.pdf\u00bb url_new_window=\u00bbon\u00bb button_text=\u00bbCronograma de actividades de laboratorio 2025-0&#8243; _builder_version=\u00bb4.25.0&#8243; _module_preset=\u00bbdefault\u00bb custom_button=\u00bbon\u00bb button_text_color=\u00bb#FFFFFF\u00bb button_bg_color=\u00bb#053967&#8243; hover_enabled=\u00bb0&#8243; global_colors_info=\u00bb{}\u00bb button_bg_enable_color=\u00bbon\u00bb sticky_enabled=\u00bb0&#8243;][\/et_pb_button][et_pb_button button_url=\u00bbhttps:\/\/fisiologia.facmed.unam.mx\/wp-content\/uploads\/2024\/07\/cronograma-optativas-2025-0.pdf\u00bb url_new_window=\u00bbon\u00bb button_text=\u00bbCronograma de asignaturas optativas\u00bb _builder_version=\u00bb4.25.0&#8243; _module_preset=\u00bbdefault\u00bb custom_button=\u00bbon\u00bb button_text_color=\u00bb#FFFFFF\u00bb button_bg_color=\u00bb#053967&#8243; hover_enabled=\u00bb0&#8243; global_colors_info=\u00bb{}\u00bb button_bg_enable_color=\u00bbon\u00bb sticky_enabled=\u00bb0&#8243;][\/et_pb_button][et_pb_button button_url=\u00bbhttps:\/\/fisiologia.facmed.unam.mx\/wp-content\/uploads\/2023\/08\/Reglamento-del-Laboratorio-de-Fisiologia.pdf\u00bb url_new_window=\u00bbon\u00bb button_text=\u00bbReglamento General para los Laboratorios de Docencia. \u00bb _builder_version=\u00bb4.25.0&#8243; _module_preset=\u00bbdefault\u00bb custom_button=\u00bbon\u00bb button_text_color=\u00bb#FFFFFF\u00bb button_bg_color=\u00bb#053967&#8243; hover_enabled=\u00bb0&#8243; global_colors_info=\u00bb{}\u00bb button_bg_enable_color=\u00bbon\u00bb sticky_enabled=\u00bb0&#8243;][\/et_pb_button][et_pb_button button_url=\u00bbhttps:\/\/tuaulavirtual.educatic.unam.mx\/login\/index.php\u00bb url_new_window=\u00bbon\u00bb button_text=\u00bbLibro interactivo de biof\u00edsica\u00bb _builder_version=\u00bb4.25.0&#8243; _module_preset=\u00bbdefault\u00bb custom_button=\u00bbon\u00bb button_text_color=\u00bb#FFFFFF\u00bb button_bg_color=\u00bb#053967&#8243; hover_enabled=\u00bb0&#8243; global_colors_info=\u00bb{}\u00bb button_bg_enable_color=\u00bbon\u00bb sticky_enabled=\u00bb0&#8243;][\/et_pb_button][et_pb_button button_url=\u00bbhttps:\/\/fisiologia.facmed.unam.mx\/index.php\/medicina-aeroespacial\/\u00bb url_new_window=\u00bbon\u00bb button_text=\u00bbAsignatura optativa: Medicina y Fisiolog\u00eda Aeroespacial\u00bb _builder_version=\u00bb4.25.0&#8243; _module_preset=\u00bbdefault\u00bb custom_button=\u00bbon\u00bb button_text_color=\u00bb#FFFFFF\u00bb button_bg_color=\u00bb#053967&#8243; hover_enabled=\u00bb0&#8243; global_colors_info=\u00bb{}\u00bb button_bg_enable_color=\u00bbon\u00bb sticky_enabled=\u00bb0&#8243;][\/et_pb_button][\/et_pb_column][\/et_pb_row][\/et_pb_section][et_pb_section fb_built=\u00bb1&#8243; disabled_on=\u00bboff|off|off\u00bb module_id=\u00bbpracticas\u00bb _builder_version=\u00bb4.25.0&#8243; _module_preset=\u00bbdefault\u00bb global_colors_info=\u00bb{}\u00bb][et_pb_row _builder_version=\u00bb4.16&#8243; _module_preset=\u00bbdefault\u00bb custom_margin=\u00bb||0px||false|false\u00bb custom_padding=\u00bb||0px||false|false\u00bb global_colors_info=\u00bb{}\u00bb][et_pb_column type=\u00bb4_4&#8243; _builder_version=\u00bb4.16&#8243; _module_preset=\u00bbdefault\u00bb global_colors_info=\u00bb{}\u00bb][et_pb_text module_id=\u00bblaboratorio\u00bb _builder_version=\u00bb4.16&#8243; _module_preset=\u00bbdefault\u00bb text_font_size=\u00bb31px\u00bb header_font=\u00bb|600|||||||\u00bb header_text_align=\u00bbcenter\u00bb header_text_color=\u00bb#595959&#8243; header_font_size=\u00bb45px\u00bb text_orientation=\u00bbcenter\u00bb header_font_size_tablet=\u00bb\u00bb header_font_size_phone=\u00bb28px\u00bb header_font_size_last_edited=\u00bbon|phone\u00bb global_colors_info=\u00bb{}\u00bb]<\/p>\n<h1>Pr\u00e1cticas de Laboratorio<\/h1>\n<p>[\/et_pb_text][et_pb_text disabled_on=\u00bbon|on|on\u00bb _builder_version=\u00bb4.16&#8243; _module_preset=\u00bbdefault\u00bb text_orientation=\u00bbcenter\u00bb disabled=\u00bbon\u00bb global_colors_info=\u00bb{}\u00bb]<\/p>\n<p><a href=\"#unidad1\">UNIDAD I<\/a> &#8211;\u00a0 <a href=\"#unidad2\">UNIDAD II<\/a> &#8211; <a href=\"#unidad3\">UNIDAD III<\/a><\/p>\n<p>[\/et_pb_text][\/et_pb_column][\/et_pb_row][et_pb_row _builder_version=\u00bb4.16&#8243; _module_preset=\u00bbdefault\u00bb global_colors_info=\u00bb{}\u00bb][et_pb_column type=\u00bb4_4&#8243; _builder_version=\u00bb4.16&#8243; _module_preset=\u00bbdefault\u00bb global_colors_info=\u00bb{}\u00bb][et_pb_search exclude_pages=\u00bbon\u00bb include_categories=\u00bb12,1&#8243; button_color=\u00bb#C9850B\u00bb _builder_version=\u00bb4.16&#8243; _module_preset=\u00bbdefault\u00bb button_font=\u00bb|600|||||||\u00bb button_text_color=\u00bb#FFFFFF\u00bb width=\u00bb69%\u00bb module_alignment=\u00bbcenter\u00bb global_colors_info=\u00bb{}\u00bb][\/et_pb_search][\/et_pb_column][\/et_pb_row][et_pb_row disabled_on=\u00bboff|off|off\u00bb module_id=\u00bbunidad1&#8243; _builder_version=\u00bb4.25.0&#8243; _module_preset=\u00bbdefault\u00bb global_colors_info=\u00bb{}\u00bb][et_pb_column type=\u00bb4_4&#8243; _builder_version=\u00bb4.16&#8243; _module_preset=\u00bbdefault\u00bb global_colors_info=\u00bb{}\u00bb][et_pb_text _builder_version=\u00bb4.16&#8243; _module_preset=\u00bbdefault\u00bb text_text_color=\u00bb#C9850B\u00bb text_font_size=\u00bb17px\u00bb header_font=\u00bb|300|||||||\u00bb header_text_align=\u00bbleft\u00bb header_text_color=\u00bb#5e5e5e\u00bb header_font_size=\u00bb31px\u00bb text_font_size_tablet=\u00bb\u00bb text_font_size_phone=\u00bb14px\u00bb text_font_size_last_edited=\u00bbon|phone\u00bb header_font_size_tablet=\u00bb\u00bb header_font_size_phone=\u00bb16px\u00bb header_font_size_last_edited=\u00bbon|phone\u00bb global_colors_info=\u00bb{}\u00bb]<\/p>\n<h1>UNIDAD T\u00c9MATICA I:<\/h1>\n<p>FISIOLOG\u00cdA CELULAR Y DEL SISTEMA NERVIOSO<\/p>\n<p>[\/et_pb_text][et_pb_blog fullwidth=\u00bboff\u00bb posts_number=\u00bb9&#8243; include_categories=\u00bb12&#8243; use_manual_excerpt=\u00bboff\u00bb show_author=\u00bboff\u00bb show_date=\u00bboff\u00bb _builder_version=\u00bb4.25.0&#8243; _module_preset=\u00bbdefault\u00bb header_font=\u00bb|600|||||||\u00bb header_text_color=\u00bb#0D7D3F\u00bb meta_font=\u00bb|700||on|||||\u00bb meta_text_color=\u00bb#606060&#8243; border_radii=\u00bbon|22px|22px|22px|22px\u00bb global_colors_info=\u00bb{}\u00bb][\/et_pb_blog][\/et_pb_column][\/et_pb_row][\/et_pb_section][et_pb_section fb_built=\u00bb1&#8243; disabled_on=\u00bboff|off|off\u00bb module_id=\u00bbunidad2&#8243; _builder_version=\u00bb4.25.0&#8243; _module_preset=\u00bbdefault\u00bb background_color=\u00bb#053967&#8243; hover_enabled=\u00bb0&#8243; global_colors_info=\u00bb{}\u00bb sticky_enabled=\u00bb0&#8243;][et_pb_row _builder_version=\u00bb4.16&#8243; _module_preset=\u00bbdefault\u00bb global_colors_info=\u00bb{}\u00bb][et_pb_column type=\u00bb4_4&#8243; _builder_version=\u00bb4.16&#8243; _module_preset=\u00bbdefault\u00bb global_colors_info=\u00bb{}\u00bb][et_pb_text _builder_version=\u00bb4.16&#8243; _module_preset=\u00bbdefault\u00bb text_text_color=\u00bb#e0ca9a\u00bb header_font=\u00bb|300|||||||\u00bb header_text_align=\u00bbleft\u00bb header_text_color=\u00bb#FFFFFF\u00bb header_font_size=\u00bb31px\u00bb header_font_size_tablet=\u00bb\u00bb header_font_size_phone=\u00bb17px\u00bb header_font_size_last_edited=\u00bbon|phone\u00bb global_colors_info=\u00bb{}\u00bb]<\/p>\n<h1>UNIDAD T\u00c9MATICA II:<\/h1>\n<p>FISIOLOG\u00cdA CARDIOVASCULAR, RESPIRATORIA Y RENAL<\/p>\n<p>[\/et_pb_text][\/et_pb_column][\/et_pb_row][et_pb_row _builder_version=\u00bb4.16&#8243; _module_preset=\u00bbdefault\u00bb global_colors_info=\u00bb{}\u00bb][et_pb_column type=\u00bb4_4&#8243; _builder_version=\u00bb4.16&#8243; _module_preset=\u00bbdefault\u00bb global_colors_info=\u00bb{}\u00bb][et_pb_blog fullwidth=\u00bboff\u00bb posts_number=\u00bb3&#8243; include_categories=\u00bb11&#8243; show_author=\u00bboff\u00bb show_date=\u00bboff\u00bb _builder_version=\u00bb4.16&#8243; _module_preset=\u00bbdefault\u00bb header_font=\u00bb|600|||||||\u00bb header_text_color=\u00bb#0D7D3F\u00bb meta_font=\u00bb|700||on|||||\u00bb meta_text_color=\u00bb#606060&#8243; border_radii=\u00bbon|22px|22px|22px|22px\u00bb global_colors_info=\u00bb{}\u00bb][\/et_pb_blog][\/et_pb_column][\/et_pb_row][\/et_pb_section][et_pb_section fb_built=\u00bb1&#8243; disabled_on=\u00bboff|off|off\u00bb module_id=\u00bbunidad3&#8243; _builder_version=\u00bb4.25.0&#8243; _module_preset=\u00bbdefault\u00bb global_colors_info=\u00bb{}\u00bb][et_pb_row _builder_version=\u00bb4.16&#8243; _module_preset=\u00bbdefault\u00bb global_colors_info=\u00bb{}\u00bb][et_pb_column type=\u00bb4_4&#8243; _builder_version=\u00bb4.16&#8243; _module_preset=\u00bbdefault\u00bb global_colors_info=\u00bb{}\u00bb][et_pb_text _builder_version=\u00bb4.16&#8243; _module_preset=\u00bbdefault\u00bb text_text_color=\u00bb#C9850B\u00bb text_font_size=\u00bb17px\u00bb header_font=\u00bb|300|||||||\u00bb header_text_align=\u00bbleft\u00bb header_text_color=\u00bb#5e5e5e\u00bb header_font_size=\u00bb31px\u00bb text_font_size_tablet=\u00bb\u00bb text_font_size_phone=\u00bb14px\u00bb text_font_size_last_edited=\u00bbon|phone\u00bb header_font_size_tablet=\u00bb\u00bb header_font_size_phone=\u00bb16px\u00bb header_font_size_last_edited=\u00bbon|phone\u00bb global_colors_info=\u00bb{}\u00bb]<\/p>\n<h1>UNIDAD T\u00c9MATICA III:<\/h1>\n<p>FISIOLOG\u00cdA ENDOCRINA Y DIGESTIVA[\/et_pb_text][\/et_pb_column][\/et_pb_row][et_pb_row _builder_version=\u00bb4.16&#8243; _module_preset=\u00bbdefault\u00bb global_colors_info=\u00bb{}\u00bb][et_pb_column type=\u00bb4_4&#8243; _builder_version=\u00bb4.16&#8243; _module_preset=\u00bbdefault\u00bb global_colors_info=\u00bb{}\u00bb][et_pb_blog fullwidth=\u00bboff\u00bb posts_number=\u00bb3&#8243; include_categories=\u00bb13&#8243; show_author=\u00bboff\u00bb show_date=\u00bboff\u00bb _builder_version=\u00bb4.16&#8243; _module_preset=\u00bbdefault\u00bb header_font=\u00bb|600|||||||\u00bb header_text_color=\u00bb#0D7D3F\u00bb meta_font=\u00bb|700||on|||||\u00bb meta_text_color=\u00bb#606060&#8243; border_radii=\u00bbon|22px|22px|22px|22px\u00bb global_colors_info=\u00bb{}\u00bb][\/et_pb_blog][\/et_pb_column][\/et_pb_row][et_pb_row _builder_version=\u00bb4.16&#8243; _module_preset=\u00bbdefault\u00bb global_colors_info=\u00bb{}\u00bb][et_pb_column type=\u00bb4_4&#8243; _builder_version=\u00bb4.16&#8243; _module_preset=\u00bbdefault\u00bb global_colors_info=\u00bb{}\u00bb][et_pb_text _builder_version=\u00bb4.16&#8243; _module_preset=\u00bbdefault\u00bb global_colors_info=\u00bb{}\u00bb]<\/p>\n<p><strong>Este material fue realizado gracias al apoyo recibido de los proyectos: <\/strong><\/p>\n<ul>\n<li>Dise\u00f1o de un modelo de laboratorio h\u00edbrido en fisiolog\u00eda PAPIME PE207322<\/li>\n<li>Programa de Asesor\u00edas para el Fortalecimiento del Aprendizaje de la Fisiolog\u00eda PAPIME PE202821<\/li>\n<\/ul>\n<p>[\/et_pb_text][\/et_pb_column][\/et_pb_row][\/et_pb_section]<\/p>\n","protected":false},"excerpt":{"rendered":"<p>Dirige las actividades de ense\u00f1anza-aprendizaje con maestros y alumnos, a fin de asegurar que el trayecto formativo y los criterios de desempe\u00f1o se lleven a cabo conforme a lo establecido en el programa de Fisiolog\u00eda.Programa Acad\u00e9micoCalendario Escolar y de Ex\u00e1menesPr\u00e1cticas de LaboratorioUNIDAD I &#8211;\u00a0 UNIDAD II &#8211; UNIDAD IIIUNIDAD T\u00c9MATICA I: FISIOLOG\u00cdA CELULAR Y DEL [&hellip;]<\/p>\n","protected":false},"author":1,"featured_media":0,"parent":0,"menu_order":0,"comment_status":"closed","ping_status":"closed","template":"","meta":{"_et_pb_use_builder":"on","_et_pb_old_content":"","_et_gb_content_width":"","footnotes":""},"jetpack_sharing_enabled":true,"_links":{"self":[{"href":"https:\/\/fisiologia.facmed.unam.mx\/index.php\/wp-json\/wp\/v2\/pages\/5624"}],"collection":[{"href":"https:\/\/fisiologia.facmed.unam.mx\/index.php\/wp-json\/wp\/v2\/pages"}],"about":[{"href":"https:\/\/fisiologia.facmed.unam.mx\/index.php\/wp-json\/wp\/v2\/types\/page"}],"author":[{"embeddable":true,"href":"https:\/\/fisiologia.facmed.unam.mx\/index.php\/wp-json\/wp\/v2\/users\/1"}],"replies":[{"embeddable":true,"href":"https:\/\/fisiologia.facmed.unam.mx\/index.php\/wp-json\/wp\/v2\/comments?post=5624"}],"version-history":[{"count":152,"href":"https:\/\/fisiologia.facmed.unam.mx\/index.php\/wp-json\/wp\/v2\/pages\/5624\/revisions"}],"predecessor-version":[{"id":10006,"href":"https:\/\/fisiologia.facmed.unam.mx\/index.php\/wp-json\/wp\/v2\/pages\/5624\/revisions\/10006"}],"wp:attachment":[{"href":"https:\/\/fisiologia.facmed.unam.mx\/index.php\/wp-json\/wp\/v2\/media?parent=5624"}],"curies":[{"name":"wp","href":"https:\/\/api.w.org\/{rel}","templated":true}]}}